{"id":1231,"date":"2020-06-17T06:44:20","date_gmt":"2020-06-17T06:44:20","guid":{"rendered":"http:\/\/www.nicdarkthemes.com\/themes\/donation\/wp\/demo\/charity\/?page_id=1231"},"modified":"2026-01-22T17:14:02","modified_gmt":"2026-01-22T15:14:02","slug":"contact","status":"publish","type":"page","link":"https:\/\/asociatia-mar.ro\/en\/contact\/","title":{"rendered":"Contact"},"content":{"rendered":"<div data-elementor-type=\"wp-page\" data-elementor-id=\"1231\" class=\"elementor elementor-1231\" data-elementor-post-type=\"page\">\n\t\t\t\t\t\t<section class=\"elementor-section elementor-top-section elementor-element elementor-element-1b9c77b elementor-section-stretched elementor-section-content-middle elementor-section-boxed elementor-section-height-default elementor-section-height-default\" data-id=\"1b9c77b\" data-element_type=\"section\" data-settings=\"{&quot;stretch_section&quot;:&quot;section-stretched&quot;,&quot;background_background&quot;:&quot;classic&quot;}\">\n\t\t\t\t\t\t\t<div class=\"elementor-background-overlay\"><\/div>\n\t\t\t\t\t\t\t<div class=\"elementor-container elementor-column-gap-default\">\n\t\t\t\t\t<div class=\"elementor-column elementor-col-100 elementor-top-column elementor-element elementor-element-3a65c950\" data-id=\"3a65c950\" data-element_type=\"column\">\n\t\t\t<div class=\"elementor-widget-wrap elementor-element-populated\">\n\t\t\t\t\t\t<div class=\"elementor-element elementor-element-4a7e1bf8 elementor-widget elementor-widget-heading\" data-id=\"4a7e1bf8\" data-element_type=\"widget\" data-widget_type=\"heading.default\">\n\t\t\t\t\t<h1 class=\"elementor-heading-title elementor-size-default\">Contacteaz\u0103-ne\n<\/h1>\t\t\t\t<\/div>\n\t\t\t\t\t<\/div>\n\t\t<\/div>\n\t\t\t\t\t<\/div>\n\t\t<\/section>\n\t\t\t\t<section class=\"elementor-section elementor-top-section elementor-element elementor-element-66b4ace0 elementor-section-full_width elementor-section-height-default elementor-section-height-default\" data-id=\"66b4ace0\" data-element_type=\"section\" data-settings=\"{&quot;background_background&quot;:&quot;classic&quot;}\">\n\t\t\t\t\t\t<div class=\"elementor-container elementor-column-gap-default\">\n\t\t\t\t\t<div class=\"elementor-column elementor-col-50 elementor-top-column elementor-element elementor-element-690bcbbd\" data-id=\"690bcbbd\" data-element_type=\"column\" data-settings=\"{&quot;background_background&quot;:&quot;classic&quot;}\">\n\t\t\t<div class=\"elementor-widget-wrap elementor-element-populated\">\n\t\t\t\t\t\t<div class=\"elementor-element elementor-element-30681378 elementor-position-left elementor-vertical-align-top elementor-widget elementor-widget-image-box\" data-id=\"30681378\" data-element_type=\"widget\" data-widget_type=\"image-box.default\">\n\t\t\t\t\t<div class=\"elementor-image-box-wrapper\"><figure class=\"elementor-image-box-img\"><img decoding=\"async\" width=\"216\" height=\"216\" src=\"https:\/\/asociatia-mar.ro\/wp-content\/uploads\/2020\/09\/n01.png\" class=\"attachment-full size-full wp-image-3414\" alt=\"\" srcset=\"https:\/\/asociatia-mar.ro\/wp-content\/uploads\/2020\/09\/n01.png 216w, https:\/\/asociatia-mar.ro\/wp-content\/uploads\/2020\/09\/n01-150x150.png 150w, https:\/\/asociatia-mar.ro\/wp-content\/uploads\/2020\/09\/n01-200x200.png 200w, https:\/\/asociatia-mar.ro\/wp-content\/uploads\/2020\/09\/n01-100x100.png 100w\" sizes=\"(max-width: 216px) 100vw, 216px\" \/><\/figure><div class=\"elementor-image-box-content\"><h3 class=\"elementor-image-box-title\">D\u0103ruie\u0219te cu dragoste<\/h3><p class=\"elementor-image-box-description\">Fiecare dona\u021bie este un gest de solidaritate \u0219i empatie. Atunci c\u00e2nd d\u0103ruie\u0219ti, oferi mai mult dec\u00e2t sprijin financiar \u2014 oferi speran\u021b\u0103, siguran\u021b\u0103 \u0219i \u0219ansa la un viitor mai bun pentru cei afla\u021bi \u00een nevoie.\n\nImplicarea ta, indiferent de form\u0103, contribuie la schimb\u0103ri reale \u00een comunit\u0103\u021bi \u0219i la sus\u021binerea cauzelor care conteaz\u0103 cu adev\u0103rat.<\/p><\/div><\/div>\t\t\t\t<\/div>\n\t\t\t\t\t<\/div>\n\t\t<\/div>\n\t\t\t\t<div class=\"elementor-column elementor-col-50 elementor-top-column elementor-element elementor-element-452a3ff7\" data-id=\"452a3ff7\" data-element_type=\"column\" data-settings=\"{&quot;background_background&quot;:&quot;classic&quot;}\">\n\t\t\t<div class=\"elementor-widget-wrap elementor-element-populated\">\n\t\t\t\t\t\t<div class=\"elementor-element elementor-element-11e2d76 elementor-position-left elementor-vertical-align-top elementor-widget elementor-widget-image-box\" data-id=\"11e2d76\" data-element_type=\"widget\" data-widget_type=\"image-box.default\">\n\t\t\t\t\t<div class=\"elementor-image-box-wrapper\"><figure class=\"elementor-image-box-img\"><img decoding=\"async\" width=\"216\" height=\"216\" src=\"https:\/\/asociatia-mar.ro\/wp-content\/uploads\/2020\/09\/n02.png\" class=\"attachment-full size-full wp-image-3413\" alt=\"\" srcset=\"https:\/\/asociatia-mar.ro\/wp-content\/uploads\/2020\/09\/n02.png 216w, https:\/\/asociatia-mar.ro\/wp-content\/uploads\/2020\/09\/n02-150x150.png 150w, https:\/\/asociatia-mar.ro\/wp-content\/uploads\/2020\/09\/n02-200x200.png 200w, https:\/\/asociatia-mar.ro\/wp-content\/uploads\/2020\/09\/n02-100x100.png 100w\" sizes=\"(max-width: 216px) 100vw, 216px\" \/><\/figure><div class=\"elementor-image-box-content\"><h3 class=\"elementor-image-box-title\">Ajut\u0103 mai mul\u021bi oameni<\/h3><p class=\"elementor-image-box-description\">Prin contribu\u021bia ta, impactul se multiplic\u0103. Dona\u021biile ne permit s\u0103 extindem proiectele, s\u0103 ajungem la mai multe persoane \u0219i s\u0103 intervenim acolo unde ajutorul este urgent.\n\n\u00cempreun\u0103 putem sus\u021bine mai multe familii, ini\u021biative sociale \u0219i proiecte de mediu, construind o re\u021bea de sprijin care produce rezultate vizibile \u0219i durabile.<\/p><\/div><\/div>\t\t\t\t<\/div>\n\t\t\t\t\t<\/div>\n\t\t<\/div>\n\t\t\t\t\t<\/div>\n\t\t<\/section>\n\t\t\t\t<section class=\"elementor-section elementor-top-section elementor-element elementor-element-a2d62d2 elementor-section-content-top elementor-section-full_width elementor-section-height-default elementor-section-height-default\" data-id=\"a2d62d2\" data-element_type=\"section\">\n\t\t\t\t\t\t<div class=\"elementor-container elementor-column-gap-default\">\n\t\t\t\t\t<div class=\"elementor-column elementor-col-50 elementor-top-column elementor-element elementor-element-7775b040\" data-id=\"7775b040\" data-element_type=\"column\">\n\t\t\t<div class=\"elementor-widget-wrap elementor-element-populated\">\n\t\t\t\t\t\t<div class=\"elementor-element elementor-element-2314d872 elementor-tablet-align-center elementor-icon-list--layout-traditional elementor-list-item-link-full_width elementor-widget elementor-widget-icon-list\" data-id=\"2314d872\" data-element_type=\"widget\" data-widget_type=\"icon-list.default\">\n\t\t\t\t\t\t\t<ul class=\"elementor-icon-list-items\">\n\t\t\t\t\t\t\t<li class=\"elementor-icon-list-item\">\n\t\t\t\t\t\t\t\t\t\t\t<span class=\"elementor-icon-list-icon\">\n\t\t\t\t\t\t\t<svg xmlns:dc=\"http:\/\/purl.org\/dc\/elements\/1.1\/\" xmlns:cc=\"http:\/\/creativecommons.org\/ns#\" xmlns:rdf=\"http:\/\/www.w3.org\/1999\/02\/22-rdf-syntax-ns#\" xmlns:svg=\"http:\/\/www.w3.org\/2000\/svg\" xmlns=\"http:\/\/www.w3.org\/2000\/svg\" xmlns:sodipodi=\"http:\/\/sodipodi.sourceforge.net\/DTD\/sodipodi-0.dtd\" xmlns:inkscape=\"http:\/\/www.inkscape.org\/namespaces\/inkscape\" id=\"Capa_1\" x=\"0px\" y=\"0px\" viewbox=\"0 0 14.707 14.707\" style=\"enable-background:new 0 0 14.707 14.707;\" xml:space=\"preserve\" inkscape:version=\"0.91 r13725\" sodipodi:docname=\"divider-greend.svg\"><metadata><\/metadata><defs id=\"defs39\"><\/defs><g id=\"g3\" style=\"fill:#2a7d2f;fill-opacity:1\" transform=\"matrix(1.5486738,0,0,1,-3.4429283,0)\"><rect x=\"6.2750001\" y=\"0\" style=\"fill:#2a7d2f;fill-opacity:1\" width=\"2.158\" height=\"14.707\" id=\"rect5\"><\/rect><\/g><g id=\"g7\"><\/g><g id=\"g9\"><\/g><g id=\"g11\"><\/g><g id=\"g13\"><\/g><g id=\"g15\"><\/g><g id=\"g17\"><\/g><g id=\"g19\"><\/g><g id=\"g21\"><\/g><g id=\"g23\"><\/g><g id=\"g25\"><\/g><g id=\"g27\"><\/g><g id=\"g29\"><\/g><g id=\"g31\"><\/g><g id=\"g33\"><\/g><g id=\"g35\"><\/g><\/svg>\t\t\t\t\t\t<\/span>\n\t\t\t\t\t\t\t\t\t\t<span class=\"elementor-icon-list-text\">Contacta\u021bi-ne<\/span>\n\t\t\t\t\t\t\t\t\t<\/li>\n\t\t\t\t\t\t<\/ul>\n\t\t\t\t\t\t<\/div>\n\t\t\t\t<div class=\"elementor-element elementor-element-3805c0d8 elementor-widget elementor-widget-heading\" data-id=\"3805c0d8\" data-element_type=\"widget\" data-widget_type=\"heading.default\">\n\t\t\t\t\t<h1 class=\"elementor-heading-title elementor-size-default\">A\u0219tept\u0103m cu drag s\u0103 ne scrii<\/h1>\t\t\t\t<\/div>\n\t\t\t\t<div class=\"elementor-element elementor-element-4f33f229 elementor-widget elementor-widget-heading\" data-id=\"4f33f229\" data-element_type=\"widget\" data-widget_type=\"heading.default\">\n\t\t\t\t\t<p class=\"elementor-heading-title elementor-size-default\">Scrie-ne sau sun\u0103-ne dac\u0103 ai \u00eentreb\u0103ri ori vrei s\u0103 ne la\u0219i un g\u00e2nd.<\/p>\t\t\t\t<\/div>\n\t\t\t\t\t<\/div>\n\t\t<\/div>\n\t\t\t\t<div class=\"elementor-column elementor-col-50 elementor-top-column elementor-element elementor-element-fe98efb\" data-id=\"fe98efb\" data-element_type=\"column\">\n\t\t\t<div class=\"elementor-widget-wrap elementor-element-populated\">\n\t\t\t\t\t\t<div class=\"elementor-element elementor-element-0c81762 elementor-widget elementor-widget-cf7\" data-id=\"0c81762\" data-element_type=\"widget\" data-widget_type=\"cf7.default\">\n\t\t\t\t<div class=\"elementor-widget-container\">\n\t\t\t\t\t\n\t\t<div class=\"nd_elements_cf7_component\">\n\t\t\t\n<div class=\"wpcf7 no-js\" id=\"wpcf7-f3239-o1\" lang=\"en-US\" dir=\"ltr\" data-wpcf7-id=\"3239\">\n<div class=\"screen-reader-response\"><p role=\"status\" aria-live=\"polite\" aria-atomic=\"true\"><\/p> <ul><\/ul><\/div>\n<form action=\"\/en\/wp-json\/wp\/v2\/pages\/1231#wpcf7-f3239-o1\" method=\"post\" class=\"wpcf7-form init\" aria-label=\"Contact form\" novalidate=\"novalidate\" data-status=\"init\" data-trp-original-action=\"\/en\/wp-json\/wp\/v2\/pages\/1231#wpcf7-f3239-o1\">\n<fieldset class=\"hidden-fields-container\"><input type=\"hidden\" name=\"_wpcf7\" value=\"3239\" \/><input type=\"hidden\" name=\"_wpcf7_version\" value=\"6.1.5\" \/><input type=\"hidden\" name=\"_wpcf7_locale\" value=\"en_US\" \/><input type=\"hidden\" name=\"_wpcf7_unit_tag\" value=\"wpcf7-f3239-o1\" \/><input type=\"hidden\" name=\"_wpcf7_container_post\" value=\"0\" \/><input type=\"hidden\" name=\"_wpcf7_posted_data_hash\" value=\"\" \/>\n<\/fieldset>\n<p><span class=\"wpcf7-form-control-wrap\" data-name=\"your-name\"><input size=\"40\" maxlength=\"400\" class=\"wpcf7-form-control wpcf7-text wpcf7-validates-as-required\" aria-required=\"true\" aria-invalid=\"false\" placeholder=\"Nume\" value=\"\" type=\"text\" name=\"your-name\" \/><\/span><br \/>\n<span class=\"wpcf7-form-control-wrap\" data-name=\"your-email\"><input size=\"40\" maxlength=\"400\" class=\"wpcf7-form-control wpcf7-email wpcf7-validates-as-required wpcf7-text wpcf7-validates-as-email\" aria-required=\"true\" aria-invalid=\"false\" placeholder=\"Email\" value=\"\" type=\"email\" name=\"your-email\" \/><\/span><br \/>\n<span class=\"wpcf7-form-control-wrap\" data-name=\"your-message\"><textarea cols=\"40\" rows=\"6\" maxlength=\"2000\" class=\"wpcf7-form-control wpcf7-textarea\" aria-invalid=\"false\" placeholder=\"Mesaj\" name=\"your-message\"><\/textarea><\/span><br \/>\n<input class=\"wpcf7-form-control wpcf7-submit has-spinner\" type=\"submit\" value=\"Trimite\" \/>\n<\/p><div class=\"wpcf7-response-output\" aria-hidden=\"true\"><\/div>\n<input type=\"hidden\" name=\"trp-form-language\" value=\"en\"\/><\/form>\n<\/div>\n\n\t\t<\/div>\t\t\t\t<\/div>\n\t\t\t\t<\/div>\n\t\t\t\t\t<\/div>\n\t\t<\/div>\n\t\t\t\t\t<\/div>\n\t\t<\/section>\n\t\t\t\t<section class=\"elementor-section elementor-top-section elementor-element elementor-element-65a1cae0 elementor-section-stretched elementor-section-full_width elementor-section-height-default elementor-section-height-default\" data-id=\"65a1cae0\" data-element_type=\"section\" data-settings=\"{&quot;stretch_section&quot;:&quot;section-stretched&quot;}\">\n\t\t\t\t\t\t<div class=\"elementor-container elementor-column-gap-default\">\n\t\t\t\t\t<div class=\"elementor-column elementor-col-100 elementor-top-column elementor-element elementor-element-3503cf7\" data-id=\"3503cf7\" data-element_type=\"column\">\n\t\t\t<div class=\"elementor-widget-wrap elementor-element-populated\">\n\t\t\t\t\t\t<div class=\"elementor-element elementor-element-119293ee elementor-widget elementor-widget-google_maps\" data-id=\"119293ee\" data-element_type=\"widget\" data-widget_type=\"google_maps.default\">\n\t\t\t\t\t\t\t<div class=\"elementor-custom-embed\">\n\t\t\t<iframe loading=\"lazy\"\n\t\t\t\t\tsrc=\"https:\/\/maps.google.com\/maps?q=Sat%20Hon%C8%9Bi%C8%99or%2C%20Nr.%2084%2C%20Comuna%20Gurahon%C8%9B%2C%20Jud.%20Arad&#038;t=m&#038;z=11&#038;output=embed&#038;iwloc=near\"\n\t\t\t\t\ttitle=\"Sat Hon\u021bi\u0219or, Nr. 84, Comuna Gurahon\u021b, Jud. Arad\"\n\t\t\t\t\taria-label=\"Sat Hon\u021bi\u0219or, Nr. 84, Comuna Gurahon\u021b, Jud. Arad\"\n\t\t\t><\/iframe>\n\t\t<\/div>\n\t\t\t\t\t\t<\/div>\n\t\t\t\t\t<\/div>\n\t\t<\/div>\n\t\t\t\t\t<\/div>\n\t\t<\/section>\n\t\t\t\t<section class=\"elementor-section elementor-top-section elementor-element elementor-element-40be2513 elementor-section-full_width elementor-section-height-default elementor-section-height-default\" data-id=\"40be2513\" data-element_type=\"section\">\n\t\t\t\t\t\t<div class=\"elementor-container elementor-column-gap-default\">\n\t\t\t\t\t<div class=\"elementor-column elementor-col-33 elementor-top-column elementor-element elementor-element-390ab39b\" data-id=\"390ab39b\" data-element_type=\"column\">\n\t\t\t<div class=\"elementor-widget-wrap\">\n\t\t\t\t\t\t\t<\/div>\n\t\t<\/div>\n\t\t\t\t<div class=\"elementor-column elementor-col-33 elementor-top-column elementor-element elementor-element-f8de0f\" data-id=\"f8de0f\" data-element_type=\"column\" data-settings=\"{&quot;background_background&quot;:&quot;classic&quot;}\">\n\t\t\t<div class=\"elementor-widget-wrap elementor-element-populated\">\n\t\t\t\t\t<div class=\"elementor-background-overlay\"><\/div>\n\t\t\t\t\t\t<div class=\"elementor-element elementor-element-3b702a70 elementor-widget elementor-widget-heading\" data-id=\"3b702a70\" data-element_type=\"widget\" data-widget_type=\"heading.default\">\n\t\t\t\t\t<h3 class=\"elementor-heading-title elementor-size-default\">Informa\u021bii de contact<\/h3>\t\t\t\t<\/div>\n\t\t\t\t<div class=\"elementor-element elementor-element-18c521e1 elementor-icon-list--layout-traditional elementor-list-item-link-full_width elementor-widget elementor-widget-icon-list\" data-id=\"18c521e1\" data-element_type=\"widget\" data-widget_type=\"icon-list.default\">\n\t\t\t\t\t\t\t<ul class=\"elementor-icon-list-items\">\n\t\t\t\t\t\t\t<li class=\"elementor-icon-list-item\">\n\t\t\t\t\t\t\t\t\t\t\t<span class=\"elementor-icon-list-icon\">\n\t\t\t\t\t\t\t<svg xmlns:dc=\"http:\/\/purl.org\/dc\/elements\/1.1\/\" xmlns:cc=\"http:\/\/creativecommons.org\/ns#\" xmlns:rdf=\"http:\/\/www.w3.org\/1999\/02\/22-rdf-syntax-ns#\" xmlns:svg=\"http:\/\/www.w3.org\/2000\/svg\" xmlns=\"http:\/\/www.w3.org\/2000\/svg\" xmlns:sodipodi=\"http:\/\/sodipodi.sourceforge.net\/DTD\/sodipodi-0.dtd\" xmlns:inkscape=\"http:\/\/www.inkscape.org\/namespaces\/inkscape\" id=\"Capa_1\" x=\"0px\" y=\"0px\" viewbox=\"0 0 18 18\" xml:space=\"preserve\" inkscape:version=\"0.91 r13725\" sodipodi:docname=\"icon-white-pin.svg\" width=\"18\" height=\"18\"><metadata><\/metadata><defs id=\"defs41\"><\/defs><g id=\"g3\" transform=\"matrix(0.03515632,0,0,0.03515632,0.14196544,-7e-7)\" style=\"fill:#ffffff;fill-opacity:1\"><g id=\"g5\" style=\"fill:#ffffff;fill-opacity:1\"><path d=\"M 378.651,42.006 C 342.8,14.527 300.01,0 254.916,0 216.14,0 178.143,11.133 144.912,32.283 66.68,83.478 44.462,190.366 95.39,270.559 L 245.722,506.95 c 2.037,3.203 5.539,5.049 9.194,5.049 1.013,0 2.037,-0.136 3.045,-0.436 4.652,-1.351 7.849,-5.61 7.849,-10.458 l 0,-245.105 c 0,-6.013 -4.88,-10.894 -10.894,-10.894 -19.265,0 -37.273,-7.658 -50.71,-21.569 -13.661,-14.145 -20.801,-32.855 -20.12,-52.491 1.868,-35.993 31.559,-65.678 67.519,-67.568 19.5,-0.904 37.992,6.019 52.11,19.494 14.189,13.541 22.005,31.771 22.005,51.325 0,6.013 4.88,10.894 10.894,10.894 6.013,0 10.894,-4.88 10.894,-10.894 0,-25.567 -10.207,-49.392 -28.748,-67.088 -18.465,-17.626 -42.676,-26.678 -68.227,-25.491 -47.011,2.473 -85.755,41.216 -88.206,88.385 -0.899,25.785 8.41,50.138 26.216,68.57 15.017,15.551 34.413,25.132 55.481,27.588 l 0,197.42 L 113.778,258.876 C 69.207,188.688 88.527,95.221 156.726,50.59 c 29.609,-18.846 63.559,-28.803 98.19,-28.803 40.257,0 78.467,12.969 110.407,37.458 59.37,46.298 74.387,131.056 34.958,197.109 l -45.753,75.716 c -3.11,5.147 -1.454,11.847 3.693,14.957 5.142,3.105 11.841,1.46 14.957,-3.693 l 45.786,-75.76 C 464.046,192.049 446.747,95.101 378.651,42.006 Z\" id=\"path7\" inkscape:connector-curvature=\"0\" style=\"fill:#ffffff;fill-opacity:1\"><\/path><\/g><\/g><g id=\"g9\" transform=\"translate(0,-494)\"><\/g><g id=\"g11\" transform=\"translate(0,-494)\"><\/g><g id=\"g13\" transform=\"translate(0,-494)\"><\/g><g id=\"g15\" transform=\"translate(0,-494)\"><\/g><g id=\"g17\" transform=\"translate(0,-494)\"><\/g><g id=\"g19\" transform=\"translate(0,-494)\"><\/g><g id=\"g21\" transform=\"translate(0,-494)\"><\/g><g id=\"g23\" transform=\"translate(0,-494)\"><\/g><g id=\"g25\" transform=\"translate(0,-494)\"><\/g><g id=\"g27\" transform=\"translate(0,-494)\"><\/g><g id=\"g29\" transform=\"translate(0,-494)\"><\/g><g id=\"g31\" transform=\"translate(0,-494)\"><\/g><g id=\"g33\" transform=\"translate(0,-494)\"><\/g><g id=\"g35\" transform=\"translate(0,-494)\"><\/g><g id=\"g37\" transform=\"translate(0,-494)\"><\/g><\/svg>\t\t\t\t\t\t<\/span>\n\t\t\t\t\t\t\t\t\t\t<span class=\"elementor-icon-list-text\">Sat Hon\u021bi\u0219or, Nr. 84, Comuna Gurahon\u021b, Jud. Arad<\/span>\n\t\t\t\t\t\t\t\t\t<\/li>\n\t\t\t\t\t\t\t\t<li class=\"elementor-icon-list-item\">\n\t\t\t\t\t\t\t\t\t\t\t<a href=\"tel:0722347106\">\n\n\t\t\t\t\t\t\t\t\t\t\t\t<span class=\"elementor-icon-list-icon\">\n\t\t\t\t\t\t\t<svg xmlns:dc=\"http:\/\/purl.org\/dc\/elements\/1.1\/\" xmlns:cc=\"http:\/\/creativecommons.org\/ns#\" xmlns:rdf=\"http:\/\/www.w3.org\/1999\/02\/22-rdf-syntax-ns#\" xmlns:svg=\"http:\/\/www.w3.org\/2000\/svg\" xmlns=\"http:\/\/www.w3.org\/2000\/svg\" xmlns:sodipodi=\"http:\/\/sodipodi.sourceforge.net\/DTD\/sodipodi-0.dtd\" xmlns:inkscape=\"http:\/\/www.inkscape.org\/namespaces\/inkscape\" height=\"18pt\" viewbox=\"-9 0 18 18.02449\" width=\"18pt\" id=\"svg2\" inkscape:version=\"0.91 r13725\" sodipodi:docname=\"icon-phone-white.svg\"><metadata><\/metadata><defs id=\"defs10\"><\/defs><path d=\"m -0.00812368,0.03557413 c -0.1000824,0 -0.20017191,0.03826686 -0.27652856,0.11470633 -0.15271271,0.15271151 -0.15271271,0.40013997 0,0.55285148 l 0.11865616,0.11865498 C -4.8371058,0.90666302 -8.6117008,4.7302512 -8.6117008,9.4211984 c 0,4.7439106 3.85962,8.6032916 8.60357762,8.6032916 4.74395688,0 8.60337728,-3.859381 8.60337728,-8.6032916 0,-0.2162028 -0.1747641,-0.3910993 -0.3909681,-0.3910993 -0.216204,0 -0.3911698,0.1748965 -0.3911698,0.3910993 0,4.3126756 -3.5085198,7.8212286 -7.82123938,7.8212286 -4.31288592,0 -7.82144032,-3.508553 -7.82144032,-7.8212286 0,-4.2552019 3.4173296,-7.7207702 7.65085202,-7.812664 l -0.10594029,0.1059391 c -0.1527127,0.1527114 -0.1527127,0.4001735 0,0.5530522 0.0763571,0.076355 0.17644619,0.1144378 0.27652859,0.1144378 0.1000824,0 0.2001723,-0.038083 0.2765287,-0.1144378 L 1.0504755,1.485395 c 0.152713,-0.1528787 0.152713,-0.4003405 0,-0.55305229 L 0.26840512,0.15027998 C 0.19204912,0.07384052 0.09195842,0.03557365 -0.00812368,0.03557365 Z m -5.09048482,4.69284467 0.016865,0.4070261 c 0.066164,1.6124921 0.5354708,3.1957514 1.3576813,4.5793433 0.8746738,1.3454968 2.0245311,2.4773018 3.41799433,3.4199688 1.38360577,0.823038 2.96859077,1.293546 4.58360437,1.359876 l 0.4071637,0.01686 0,-2.53578 c 0,-0.361229 -0.2162159,-0.683202 -0.5503804,-0.819206 L 2.3435753,10.425176 c -0.346361,-0.141349 -0.743889,-0.04928 -0.9886637,0.223389 l -1.52057348,1.639213 C -1.252363,11.588213 -2.1807166,10.66509 -2.8806229,9.5787336 L -1.240189,8.0623242 C -0.963,7.8130404 -0.8716309,7.4135715 -1.0126483,7.0687177 L -1.7435889,5.2782587 C -1.8805965,4.9440981 -2.2022398,4.7284188 -2.5631366,4.7284188 l -2.5354719,0 z m 0.8242326,0.7821296 1.7112393,0 c 0.042105,0 0.079861,0.025182 0.095567,0.063777 l 0.7309406,1.7903253 0,3.349e-4 c 0.016373,0.0401 0.00574,0.086342 -0.030517,0.1192564 L -3.2885899,8.8907641 C -3.8351152,7.8434975 -4.1716209,6.6903025 -4.2743759,5.5105484 Z m 6.2756366,5.6317086 c 0.015565,-0.0011 0.03155,0.0012 0.046713,0.007 l 1.7911456,0.731269 c 0.037756,0.01554 0.063317,0.05383 0.063317,0.09509 l 0,1.711222 C 2.7209926,13.584186 1.5664383,13.247012 0.51916822,12.699825 L 1.932664,11.176055 c 0.017857,-0.02036 0.042655,-0.03187 0.068597,-0.03379 z\" id=\"path4\" inkscape:connector-curvature=\"0\" style=\"fill:#ffffff;fill-opacity:1\"><\/path><\/svg>\t\t\t\t\t\t<\/span>\n\t\t\t\t\t\t\t\t\t\t<span class=\"elementor-icon-list-text\">+40722 347 106<\/span>\n\t\t\t\t\t\t\t\t\t\t\t<\/a>\n\t\t\t\t\t\t\t\t\t<\/li>\n\t\t\t\t\t\t\t\t<li class=\"elementor-icon-list-item\">\n\t\t\t\t\t\t\t\t\t\t\t<a href=\"mailto:%20asociatiamar.2022@gmail.com\">\n\n\t\t\t\t\t\t\t\t\t\t\t\t<span class=\"elementor-icon-list-icon\">\n\t\t\t\t\t\t\t<svg xmlns:dc=\"http:\/\/purl.org\/dc\/elements\/1.1\/\" xmlns:cc=\"http:\/\/creativecommons.org\/ns#\" xmlns:rdf=\"http:\/\/www.w3.org\/1999\/02\/22-rdf-syntax-ns#\" xmlns:svg=\"http:\/\/www.w3.org\/2000\/svg\" xmlns=\"http:\/\/www.w3.org\/2000\/svg\" xmlns:sodipodi=\"http:\/\/sodipodi.sourceforge.net\/DTD\/sodipodi-0.dtd\" xmlns:inkscape=\"http:\/\/www.inkscape.org\/namespaces\/inkscape\" id=\"Capa_1\" x=\"0px\" y=\"0px\" viewbox=\"0 0 18 18\" xml:space=\"preserve\" inkscape:version=\"0.91 r13725\" sodipodi:docname=\"icon-mail-white.svg\" width=\"18\" height=\"18\"><metadata><\/metadata><defs id=\"defs41\"><\/defs><g id=\"g3\" transform=\"matrix(0.03515625,0,0,0.03515625,0,1.9148906)\" style=\"fill:#ffffff;fill-opacity:1\"><g id=\"g5\" style=\"fill:#ffffff;fill-opacity:1\"><path d=\"m 392.17,54.468 -190.638,0 c -6.013,0 -10.894,4.88 -10.894,10.894 0,6.013 4.88,10.894 10.894,10.894 l 190.638,0 c 54.06,0 98.043,43.983 98.043,98.043 l 0,163.404 c 0,54.06 -43.983,98.043 -98.043,98.043 l -272.34,0 c -54.06,0 -98.043,-43.983 -98.043,-98.043 l 0,-163.405 c 0,-52.583 41.608,-95.63 93.625,-97.944 l 132.886,132.88 c 4.248,4.254 11.15,4.254 15.404,0 l 81.702,-81.702 c 4.254,-4.254 4.254,-11.15 0,-15.404 -4.254,-4.254 -11.15,-4.254 -15.404,0 L 256,186.123 127.532,57.66 C 125.489,55.617 122.717,54.468 119.83,54.468 53.755,54.468 0,108.223 0,174.298 l 0,163.404 c 0,66.075 53.755,119.83 119.83,119.83 l 272.34,0 c 66.075,0 119.83,-53.755 119.83,-119.83 l 0,-163.404 C 512,108.223 458.245,54.468 392.17,54.468 Z\" id=\"path7\" inkscape:connector-curvature=\"0\" style=\"fill:#ffffff;fill-opacity:1\"><\/path><\/g><\/g><g id=\"g9\" transform=\"translate(0,-494)\"><\/g><g id=\"g11\" transform=\"translate(0,-494)\"><\/g><g id=\"g13\" transform=\"translate(0,-494)\"><\/g><g id=\"g15\" transform=\"translate(0,-494)\"><\/g><g id=\"g17\" transform=\"translate(0,-494)\"><\/g><g id=\"g19\" transform=\"translate(0,-494)\"><\/g><g id=\"g21\" transform=\"translate(0,-494)\"><\/g><g id=\"g23\" transform=\"translate(0,-494)\"><\/g><g id=\"g25\" transform=\"translate(0,-494)\"><\/g><g id=\"g27\" transform=\"translate(0,-494)\"><\/g><g id=\"g29\" transform=\"translate(0,-494)\"><\/g><g id=\"g31\" transform=\"translate(0,-494)\"><\/g><g id=\"g33\" transform=\"translate(0,-494)\"><\/g><g id=\"g35\" transform=\"translate(0,-494)\"><\/g><g id=\"g37\" transform=\"translate(0,-494)\"><\/g><\/svg>\t\t\t\t\t\t<\/span>\n\t\t\t\t\t\t\t\t\t\t<span class=\"elementor-icon-list-text\">asociatiamar.2022@gmail.com<\/span>\n\t\t\t\t\t\t\t\t\t\t\t<\/a>\n\t\t\t\t\t\t\t\t\t<\/li>\n\t\t\t\t\t\t<\/ul>\n\t\t\t\t\t\t<\/div>\n\t\t\t\t\t<\/div>\n\t\t<\/div>\n\t\t\t\t<div class=\"elementor-column elementor-col-33 elementor-top-column elementor-element elementor-element-42f93144\" data-id=\"42f93144\" data-element_type=\"column\">\n\t\t\t<div class=\"elementor-widget-wrap\">\n\t\t\t\t\t\t\t<\/div>\n\t\t<\/div>\n\t\t\t\t\t<\/div>\n\t\t<\/section>\n\t\t\t\t<\/div>","protected":false},"excerpt":{"rendered":"<p>Contacteaz\u0103-ne D\u0103ruie\u0219te cu dragoste Fiecare dona\u021bie este un gest de solidaritate \u0219i empatie. Atunci c\u00e2nd d\u0103ruie\u0219ti, oferi mai mult dec\u00e2t sprijin financiar \u2014 oferi speran\u021b\u0103, siguran\u021b\u0103 \u0219i \u0219ansa la un [&hellip;]<\/p>\n","protected":false},"author":1,"featured_media":0,"parent":0,"menu_order":0,"comment_status":"closed","ping_status":"closed","template":"","meta":{"_acf_changed":false,"give_campaign_id":0,"footnotes":""},"class_list":["post-1231","page","type-page","status-publish","hentry"],"acf":[],"campaignId":"","_links":{"self":[{"href":"https:\/\/asociatia-mar.ro\/en\/wp-json\/wp\/v2\/pages\/1231","targetHints":{"allow":["GET"]}}],"collection":[{"href":"https:\/\/asociatia-mar.ro\/en\/wp-json\/wp\/v2\/pages"}],"about":[{"href":"https:\/\/asociatia-mar.ro\/en\/wp-json\/wp\/v2\/types\/page"}],"author":[{"embeddable":true,"href":"https:\/\/asociatia-mar.ro\/en\/wp-json\/wp\/v2\/users\/1"}],"replies":[{"embeddable":true,"href":"https:\/\/asociatia-mar.ro\/en\/wp-json\/wp\/v2\/comments?post=1231"}],"version-history":[{"count":0,"href":"https:\/\/asociatia-mar.ro\/en\/wp-json\/wp\/v2\/pages\/1231\/revisions"}],"wp:attachment":[{"href":"https:\/\/asociatia-mar.ro\/en\/wp-json\/wp\/v2\/media?parent=1231"}],"curies":[{"name":"wp","href":"https:\/\/api.w.org\/{rel}","templated":true}]}}