{"id":1238,"date":"2020-06-17T07:52:55","date_gmt":"2020-06-17T07:52:55","guid":{"rendered":"http:\/\/www.nicdarkthemes.com\/themes\/donation\/wp\/demo\/charity\/?page_id=1238"},"modified":"2026-01-26T16:17:12","modified_gmt":"2026-01-26T14:17:12","slug":"proiecte","status":"publish","type":"page","link":"https:\/\/asociatia-mar.ro\/en\/proiecte\/","title":{"rendered":"Proiecte"},"content":{"rendered":"\t\t<div data-elementor-type=\"wp-page\" data-elementor-id=\"1238\" class=\"elementor elementor-1238\" data-elementor-post-type=\"page\">\n\t\t\t\t\t\t<section class=\"elementor-section elementor-top-section elementor-element elementor-element-5bcbe8cf elementor-section-stretched elementor-section-boxed elementor-section-height-default elementor-section-height-default\" data-id=\"5bcbe8cf\" data-element_type=\"section\" data-settings=\"{&quot;stretch_section&quot;:&quot;section-stretched&quot;,&quot;background_background&quot;:&quot;classic&quot;}\">\n\t\t\t\t\t\t\t<div class=\"elementor-background-overlay\"><\/div>\n\t\t\t\t\t\t\t<div class=\"elementor-container elementor-column-gap-default\">\n\t\t\t\t\t<div class=\"elementor-column elementor-col-33 elementor-top-column elementor-element elementor-element-f551bb8\" data-id=\"f551bb8\" data-element_type=\"column\">\n\t\t\t<div class=\"elementor-widget-wrap\">\n\t\t\t\t\t\t\t<\/div>\n\t\t<\/div>\n\t\t\t\t<div class=\"elementor-column elementor-col-33 elementor-top-column elementor-element elementor-element-1e350281 nd_options_text_align_center\" data-id=\"1e350281\" data-element_type=\"column\">\n\t\t\t<div class=\"elementor-widget-wrap elementor-element-populated\">\n\t\t\t\t\t\t<div class=\"elementor-element elementor-element-7efe74f elementor-align-center elementor-icon-list--layout-traditional elementor-list-item-link-full_width elementor-widget elementor-widget-icon-list\" data-id=\"7efe74f\" data-element_type=\"widget\" data-widget_type=\"icon-list.default\">\n\t\t\t\t\t\t\t<ul class=\"elementor-icon-list-items\">\n\t\t\t\t\t\t\t<li class=\"elementor-icon-list-item\">\n\t\t\t\t\t\t\t\t\t\t\t<span class=\"elementor-icon-list-icon\">\n\t\t\t\t\t\t\t<svg xmlns:dc=\"http:\/\/purl.org\/dc\/elements\/1.1\/\" xmlns:cc=\"http:\/\/creativecommons.org\/ns#\" xmlns:rdf=\"http:\/\/www.w3.org\/1999\/02\/22-rdf-syntax-ns#\" xmlns:svg=\"http:\/\/www.w3.org\/2000\/svg\" xmlns=\"http:\/\/www.w3.org\/2000\/svg\" xmlns:sodipodi=\"http:\/\/sodipodi.sourceforge.net\/DTD\/sodipodi-0.dtd\" xmlns:inkscape=\"http:\/\/www.inkscape.org\/namespaces\/inkscape\" id=\"Capa_1\" x=\"0px\" y=\"0px\" viewBox=\"0 0 14.707 14.707\" style=\"enable-background:new 0 0 14.707 14.707;\" xml:space=\"preserve\" inkscape:version=\"0.91 r13725\" sodipodi:docname=\"dividerwhite-big.svg\"><metadata><\/metadata><defs id=\"defs39\"><\/defs><g id=\"g3\" style=\"fill:#ffffff;fill-opacity:1\" transform=\"matrix(1.5486738,0,0,1,-3.4429283,0)\"><rect x=\"6.2750001\" y=\"0\" style=\"fill:#ffffff;fill-opacity:1\" width=\"2.158\" height=\"14.707\" id=\"rect5\"><\/rect><\/g><g id=\"g7\"><\/g><g id=\"g9\"><\/g><g id=\"g11\"><\/g><g id=\"g13\"><\/g><g id=\"g15\"><\/g><g id=\"g17\"><\/g><g id=\"g19\"><\/g><g id=\"g21\"><\/g><g id=\"g23\"><\/g><g id=\"g25\"><\/g><g id=\"g27\"><\/g><g id=\"g29\"><\/g><g id=\"g31\"><\/g><g id=\"g33\"><\/g><g id=\"g35\"><\/g><\/svg>\t\t\t\t\t\t<\/span>\n\t\t\t\t\t\t\t\t\t\t<span class=\"elementor-icon-list-text\">Fiecare dona\u021bie conteaz\u0103. \u00cempreun\u0103 schimb\u0103m vie\u021bi.<\/span>\n\t\t\t\t\t\t\t\t\t<\/li>\n\t\t\t\t\t\t<\/ul>\n\t\t\t\t\t\t<\/div>\n\t\t\t\t<div class=\"elementor-element elementor-element-60ef6090 elementor-widget elementor-widget-heading\" data-id=\"60ef6090\" data-element_type=\"widget\" data-widget_type=\"heading.default\">\n\t\t\t\t\t<h1 class=\"elementor-heading-title elementor-size-default\">Un gest mic pentru tine. O schimbare mare pentru al\u021bii.<\/h1>\t\t\t\t<\/div>\n\t\t\t\t<div class=\"elementor-element elementor-element-3bc68703 elementor-widget elementor-widget-text-editor\" data-id=\"3bc68703\" data-element_type=\"widget\" data-widget_type=\"text-editor.default\">\n\t\t\t\t\t\t\t\t\t<p data-start=\"711\" data-end=\"891\" style=\"color:#fff;\">Credem \u00een solidaritate, responsabilitate \u0219i ac\u021biuni concrete. Dona\u021biile tale sus\u021bin proiecte care ofer\u0103 ajutor real \u0219i speran\u021b\u0103 acolo unde este cea mai mare nevoie.<\/p>\t\t\t\t\t\t\t\t<\/div>\n\t\t\t\t<div class=\"elementor-element elementor-element-21111f4 elementor-align-center elementor-tablet-align-center elementor-mobile-align-center elementor-widget elementor-widget-button\" data-id=\"21111f4\" data-element_type=\"widget\" data-widget_type=\"button.default\">\n\t\t\t\t\t\t\t\t\t\t<a class=\"elementor-button elementor-button-link elementor-size-sm\" href=\"https:\/\/asociatia-mar.ro\/donatii\/\">\n\t\t\t\t\t\t<span class=\"elementor-button-content-wrapper\">\n\t\t\t\t\t\t\t\t\t<span class=\"elementor-button-text\">Sus\u021bine-ne<\/span>\n\t\t\t\t\t<\/span>\n\t\t\t\t\t<\/a>\n\t\t\t\t\t\t\t\t<\/div>\n\t\t\t\t<div class=\"elementor-element elementor-element-05332e9 elementor-icon-list--layout-inline elementor-align-center elementor-list-item-link-full_width elementor-widget elementor-widget-icon-list\" data-id=\"05332e9\" data-element_type=\"widget\" data-widget_type=\"icon-list.default\">\n\t\t\t\t\t\t\t<ul class=\"elementor-icon-list-items elementor-inline-items\">\n\t\t\t\t\t\t\t<li class=\"elementor-icon-list-item elementor-inline-item\">\n\t\t\t\t\t\t\t\t\t\t\t<span class=\"elementor-icon-list-icon\">\n\t\t\t\t\t\t\t<svg aria-hidden=\"true\" class=\"e-font-icon-svg e-fab-cc-visa\" viewBox=\"0 0 576 512\" xmlns=\"http:\/\/www.w3.org\/2000\/svg\"><path d=\"M470.1 231.3s7.6 37.2 9.3 45H446c3.3-8.9 16-43.5 16-43.5-.2.3 3.3-9.1 5.3-14.9l2.8 13.4zM576 80v352c0 26.5-21.5 48-48 48H48c-26.5 0-48-21.5-48-48V80c0-26.5 21.5-48 48-48h480c26.5 0 48 21.5 48 48zM152.5 331.2L215.7 176h-42.5l-39.3 106-4.3-21.5-14-71.4c-2.3-9.9-9.4-12.7-18.2-13.1H32.7l-.7 3.1c15.8 4 29.9 9.8 42.2 17.1l35.8 135h42.5zm94.4.2L272.1 176h-40.2l-25.1 155.4h40.1zm139.9-50.8c.2-17.7-10.6-31.2-33.7-42.3-14.1-7.1-22.7-11.9-22.7-19.2.2-6.6 7.3-13.4 23.1-13.4 13.1-.3 22.7 2.8 29.9 5.9l3.6 1.7 5.5-33.6c-7.9-3.1-20.5-6.6-36-6.6-39.7 0-67.6 21.2-67.8 51.4-.3 22.3 20 34.7 35.2 42.2 15.5 7.6 20.8 12.6 20.8 19.3-.2 10.4-12.6 15.2-24.1 15.2-16 0-24.6-2.5-37.7-8.3l-5.3-2.5-5.6 34.9c9.4 4.3 26.8 8.1 44.8 8.3 42.2.1 69.7-20.8 70-53zM528 331.4L495.6 176h-31.1c-9.6 0-16.9 2.8-21 12.9l-59.7 142.5H426s6.9-19.2 8.4-23.3H486c1.2 5.5 4.8 23.3 4.8 23.3H528z\"><\/path><\/svg>\t\t\t\t\t\t<\/span>\n\t\t\t\t\t\t\t\t\t\t<span class=\"elementor-icon-list-text\"><\/span>\n\t\t\t\t\t\t\t\t\t<\/li>\n\t\t\t\t\t\t\t\t<li class=\"elementor-icon-list-item elementor-inline-item\">\n\t\t\t\t\t\t\t\t\t\t\t<span class=\"elementor-icon-list-icon\">\n\t\t\t\t\t\t\t<svg aria-hidden=\"true\" class=\"e-font-icon-svg e-fab-cc-mastercard\" viewBox=\"0 0 576 512\" xmlns=\"http:\/\/www.w3.org\/2000\/svg\"><path d=\"M482.9 410.3c0 6.8-4.6 11.7-11.2 11.7-6.8 0-11.2-5.2-11.2-11.7 0-6.5 4.4-11.7 11.2-11.7 6.6 0 11.2 5.2 11.2 11.7zm-310.8-11.7c-7.1 0-11.2 5.2-11.2 11.7 0 6.5 4.1 11.7 11.2 11.7 6.5 0 10.9-4.9 10.9-11.7-.1-6.5-4.4-11.7-10.9-11.7zm117.5-.3c-5.4 0-8.7 3.5-9.5 8.7h19.1c-.9-5.7-4.4-8.7-9.6-8.7zm107.8.3c-6.8 0-10.9 5.2-10.9 11.7 0 6.5 4.1 11.7 10.9 11.7 6.8 0 11.2-4.9 11.2-11.7 0-6.5-4.4-11.7-11.2-11.7zm105.9 26.1c0 .3.3.5.3 1.1 0 .3-.3.5-.3 1.1-.3.3-.3.5-.5.8-.3.3-.5.5-1.1.5-.3.3-.5.3-1.1.3-.3 0-.5 0-1.1-.3-.3 0-.5-.3-.8-.5-.3-.3-.5-.5-.5-.8-.3-.5-.3-.8-.3-1.1 0-.5 0-.8.3-1.1 0-.5.3-.8.5-1.1.3-.3.5-.3.8-.5.5-.3.8-.3 1.1-.3.5 0 .8 0 1.1.3.5.3.8.3 1.1.5s.2.6.5 1.1zm-2.2 1.4c.5 0 .5-.3.8-.3.3-.3.3-.5.3-.8 0-.3 0-.5-.3-.8-.3 0-.5-.3-1.1-.3h-1.6v3.5h.8V426h.3l1.1 1.4h.8l-1.1-1.3zM576 81v352c0 26.5-21.5 48-48 48H48c-26.5 0-48-21.5-48-48V81c0-26.5 21.5-48 48-48h480c26.5 0 48 21.5 48 48zM64 220.6c0 76.5 62.1 138.5 138.5 138.5 27.2 0 53.9-8.2 76.5-23.1-72.9-59.3-72.4-171.2 0-230.5-22.6-15-49.3-23.1-76.5-23.1-76.4-.1-138.5 62-138.5 138.2zm224 108.8c70.5-55 70.2-162.2 0-217.5-70.2 55.3-70.5 162.6 0 217.5zm-142.3 76.3c0-8.7-5.7-14.4-14.7-14.7-4.6 0-9.5 1.4-12.8 6.5-2.4-4.1-6.5-6.5-12.2-6.5-3.8 0-7.6 1.4-10.6 5.4V392h-8.2v36.7h8.2c0-18.9-2.5-30.2 9-30.2 10.2 0 8.2 10.2 8.2 30.2h7.9c0-18.3-2.5-30.2 9-30.2 10.2 0 8.2 10 8.2 30.2h8.2v-23zm44.9-13.7h-7.9v4.4c-2.7-3.3-6.5-5.4-11.7-5.4-10.3 0-18.2 8.2-18.2 19.3 0 11.2 7.9 19.3 18.2 19.3 5.2 0 9-1.9 11.7-5.4v4.6h7.9V392zm40.5 25.6c0-15-22.9-8.2-22.9-15.2 0-5.7 11.9-4.8 18.5-1.1l3.3-6.5c-9.4-6.1-30.2-6-30.2 8.2 0 14.3 22.9 8.3 22.9 15 0 6.3-13.5 5.8-20.7.8l-3.5 6.3c11.2 7.6 32.6 6 32.6-7.5zm35.4 9.3l-2.2-6.8c-3.8 2.1-12.2 4.4-12.2-4.1v-16.6h13.1V392h-13.1v-11.2h-8.2V392h-7.6v7.3h7.6V416c0 17.6 17.3 14.4 22.6 10.9zm13.3-13.4h27.5c0-16.2-7.4-22.6-17.4-22.6-10.6 0-18.2 7.9-18.2 19.3 0 20.5 22.6 23.9 33.8 14.2l-3.8-6c-7.8 6.4-19.6 5.8-21.9-4.9zm59.1-21.5c-4.6-2-11.6-1.8-15.2 4.4V392h-8.2v36.7h8.2V408c0-11.6 9.5-10.1 12.8-8.4l2.4-7.6zm10.6 18.3c0-11.4 11.6-15.1 20.7-8.4l3.8-6.5c-11.6-9.1-32.7-4.1-32.7 15 0 19.8 22.4 23.8 32.7 15l-3.8-6.5c-9.2 6.5-20.7 2.6-20.7-8.6zm66.7-18.3H408v4.4c-8.3-11-29.9-4.8-29.9 13.9 0 19.2 22.4 24.7 29.9 13.9v4.6h8.2V392zm33.7 0c-2.4-1.2-11-2.9-15.2 4.4V392h-7.9v36.7h7.9V408c0-11 9-10.3 12.8-8.4l2.4-7.6zm40.3-14.9h-7.9v19.3c-8.2-10.9-29.9-5.1-29.9 13.9 0 19.4 22.5 24.6 29.9 13.9v4.6h7.9v-51.7zm7.6-75.1v4.6h.8V302h1.9v-.8h-4.6v.8h1.9zm6.6 123.8c0-.5 0-1.1-.3-1.6-.3-.3-.5-.8-.8-1.1-.3-.3-.8-.5-1.1-.8-.5 0-1.1-.3-1.6-.3-.3 0-.8.3-1.4.3-.5.3-.8.5-1.1.8-.5.3-.8.8-.8 1.1-.3.5-.3 1.1-.3 1.6 0 .3 0 .8.3 1.4 0 .3.3.8.8 1.1.3.3.5.5 1.1.8.5.3 1.1.3 1.4.3.5 0 1.1 0 1.6-.3.3-.3.8-.5 1.1-.8.3-.3.5-.8.8-1.1.3-.6.3-1.1.3-1.4zm3.2-124.7h-1.4l-1.6 3.5-1.6-3.5h-1.4v5.4h.8v-4.1l1.6 3.5h1.1l1.4-3.5v4.1h1.1v-5.4zm4.4-80.5c0-76.2-62.1-138.3-138.5-138.3-27.2 0-53.9 8.2-76.5 23.1 72.1 59.3 73.2 171.5 0 230.5 22.6 15 49.5 23.1 76.5 23.1 76.4.1 138.5-61.9 138.5-138.4z\"><\/path><\/svg>\t\t\t\t\t\t<\/span>\n\t\t\t\t\t\t\t\t\t\t<span class=\"elementor-icon-list-text\"><\/span>\n\t\t\t\t\t\t\t\t\t<\/li>\n\t\t\t\t\t\t\t\t<li class=\"elementor-icon-list-item elementor-inline-item\">\n\t\t\t\t\t\t\t\t\t\t\t<span class=\"elementor-icon-list-icon\">\n\t\t\t\t\t\t\t<svg aria-hidden=\"true\" class=\"e-font-icon-svg e-fab-cc-stripe\" viewBox=\"0 0 576 512\" xmlns=\"http:\/\/www.w3.org\/2000\/svg\"><path d=\"M492.4 220.8c-8.9 0-18.7 6.7-18.7 22.7h36.7c0-16-9.3-22.7-18-22.7zM375 223.4c-8.2 0-13.3 2.9-17 7l.2 52.8c3.5 3.7 8.5 6.7 16.8 6.7 13.1 0 21.9-14.3 21.9-33.4 0-18.6-9-33.2-21.9-33.1zM528 32H48C21.5 32 0 53.5 0 80v352c0 26.5 21.5 48 48 48h480c26.5 0 48-21.5 48-48V80c0-26.5-21.5-48-48-48zM122.2 281.1c0 25.6-20.3 40.1-49.9 40.3-12.2 0-25.6-2.4-38.8-8.1v-33.9c12 6.4 27.1 11.3 38.9 11.3 7.9 0 13.6-2.1 13.6-8.7 0-17-54-10.6-54-49.9 0-25.2 19.2-40.2 48-40.2 11.8 0 23.5 1.8 35.3 6.5v33.4c-10.8-5.8-24.5-9.1-35.3-9.1-7.5 0-12.1 2.2-12.1 7.7 0 16 54.3 8.4 54.3 50.7zm68.8-56.6h-27V275c0 20.9 22.5 14.4 27 12.6v28.9c-4.7 2.6-13.3 4.7-24.9 4.7-21.1 0-36.9-15.5-36.9-36.5l.2-113.9 34.7-7.4v30.8H191zm74 2.4c-4.5-1.5-18.7-3.6-27.1 7.4v84.4h-35.5V194.2h30.7l2.2 10.5c8.3-15.3 24.9-12.2 29.6-10.5h.1zm44.1 91.8h-35.7V194.2h35.7zm0-142.9l-35.7 7.6v-28.9l35.7-7.6zm74.1 145.5c-12.4 0-20-5.3-25.1-9l-.1 40.2-35.5 7.5V194.2h31.3l1.8 8.8c4.9-4.5 13.9-11.1 27.8-11.1 24.9 0 48.4 22.5 48.4 63.8 0 45.1-23.2 65.5-48.6 65.6zm160.4-51.5h-69.5c1.6 16.6 13.8 21.5 27.6 21.5 14.1 0 25.2-3 34.9-7.9V312c-9.7 5.3-22.4 9.2-39.4 9.2-34.6 0-58.8-21.7-58.8-64.5 0-36.2 20.5-64.9 54.3-64.9 33.7 0 51.3 28.7 51.3 65.1 0 3.5-.3 10.9-.4 12.9z\"><\/path><\/svg>\t\t\t\t\t\t<\/span>\n\t\t\t\t\t\t\t\t\t\t<span class=\"elementor-icon-list-text\"><\/span>\n\t\t\t\t\t\t\t\t\t<\/li>\n\t\t\t\t\t\t<\/ul>\n\t\t\t\t\t\t<\/div>\n\t\t\t\t\t<\/div>\n\t\t<\/div>\n\t\t\t\t<div class=\"elementor-column elementor-col-33 elementor-top-column elementor-element elementor-element-2b6a949d\" data-id=\"2b6a949d\" data-element_type=\"column\">\n\t\t\t<div class=\"elementor-widget-wrap\">\n\t\t\t\t\t\t\t<\/div>\n\t\t<\/div>\n\t\t\t\t\t<\/div>\n\t\t<\/section>\n\t\t\t\t<section class=\"elementor-section elementor-top-section elementor-element elementor-element-ab7988a elementor-section-stretched elementor-section-boxed elementor-section-height-default elementor-section-height-default\" data-id=\"ab7988a\" data-element_type=\"section\" data-settings=\"{&quot;stretch_section&quot;:&quot;section-stretched&quot;,&quot;background_background&quot;:&quot;classic&quot;}\">\n\t\t\t\t\t\t<div class=\"elementor-container elementor-column-gap-default\">\n\t\t\t\t\t<div class=\"elementor-column elementor-col-100 elementor-top-column elementor-element elementor-element-f54423f\" data-id=\"f54423f\" data-element_type=\"column\">\n\t\t\t<div class=\"elementor-widget-wrap elementor-element-populated\">\n\t\t\t\t\t\t<div class=\"elementor-element elementor-element-3c1b22c elementor-invisible elementor-widget elementor-widget-causes\" data-id=\"3c1b22c\" data-element_type=\"widget\" data-settings=\"{&quot;_animation&quot;:&quot;fadeInUp&quot;}\" data-widget_type=\"causes.default\">\n\t\t\t\t<div class=\"elementor-widget-container\">\n\t\t\t\t\t\n    <div class=\"nd_donations_section nd_donations_masonry_content\">\n  <div class=\" nd_donations_width_50_percentage nd_donations_causes_widget_l1 nd_donations_width_100_percentage_responsive nd_donations_float_left nd_donations_masonry_item nd_donations_padding_15 nd_donations_box_sizing_border_box\">\n\n    <div class=\"nd_donations_section nd_donations_background_color_fff nd_donations_box_shadow_0_0_15_0_0001\">\n\n      \n\n\n    <div class=\"nd_donations_section nd_donations_position_relative\">\n\n      <img decoding=\"async\" alt=\"\" class=\"nd_donations_section nd_donations_postgrid_causes_single_cause_img\" src=\"https:\/\/asociatia-mar.ro\/wp-content\/uploads\/2026\/01\/20240618_152348-733x1024.jpg\">\n    <\/div>\n\n      <div class=\"nd_donations_section nd_donations_padding_40 nd_donations_padding_20_iphone nd_donations_box_sizing_border_box\">\n\n        <a class=\"nd_donations_section\" href=\"https:\/\/asociatia-mar.ro\/en\/causes\/cu-drag-din-gradina-bunicilor\/\">\n          <h3 class=\"nd_donations_font_size_23 nd_donations_word_break_break_word nd_donations_font_size_20_iphone nd_donations_line_height_23 nd_donations_margin_0_important nd_donations_letter_spacing_1\"><strong>Cu drag din gr\u0103dina bunicilor<\/strong><\/h3>\n        <\/a>\n        <div class=\"nd_donations_section nd_donations_height_20\"><\/div>\n        <p class=\"nd_donations_font_size_15 nd_donations_line_height_1_8_em nd_donations_section nd_donations_margin_0_important\">\u201eCu Drag, din Gr\u0103dina Bunicilor\u201d \u2013 promovarea produselor locale \u0219i a tradi\u021biilor rom\u00e2ne\u0219ti \u201eCu Drag, din Gr\u0103dina Bunicilor\u201d este un proiect complex, dedicat promov\u0103rii produc\u0103torilor locali \u0219i valorific\u0103rii produselor tradi\u021bionale [&hellip;]<\/p>\n        <div class=\"nd_donations_section nd_donations_height_30\"><\/div>\n        \n        <div class=\"nd_donations_section nd_donations_height_25\"><\/div>\n        \n        <div class=\"nd_donations_section nd_donations_height_30\"><\/div>\n        <a style=\"background-color:#000\" class=\"nd_donations_font_size_13 nd_donations_line_height_13 nd_donations_color_white_important nd_donations_padding_10_20 nd_donations_letter_spacing_1\" href=\"https:\/\/asociatia-mar.ro\/en\/causes\/cu-drag-din-gradina-bunicilor\/\"><strong>VIEW DETAILS<\/strong><\/a>\n\n    <\/div>\n\n  <\/div>\n    \n<\/div>\n  <div class=\" nd_donations_width_50_percentage nd_donations_causes_widget_l1 nd_donations_width_100_percentage_responsive nd_donations_float_left nd_donations_masonry_item nd_donations_padding_15 nd_donations_box_sizing_border_box\">\n\n    <div class=\"nd_donations_section nd_donations_background_color_fff nd_donations_box_shadow_0_0_15_0_0001\">\n\n      \n\n\n    <div class=\"nd_donations_section nd_donations_position_relative\">\n\n      <img decoding=\"async\" alt=\"\" class=\"nd_donations_section nd_donations_postgrid_causes_single_cause_img\" src=\"https:\/\/asociatia-mar.ro\/wp-content\/uploads\/2026\/01\/Lapugiu-de-Jos-16-819x1024.jpeg\">\n    <\/div>\n\n      <div class=\"nd_donations_section nd_donations_padding_40 nd_donations_padding_20_iphone nd_donations_box_sizing_border_box\">\n\n        <a class=\"nd_donations_section\" href=\"https:\/\/asociatia-mar.ro\/en\/causes\/solidaritate-pentru-sanatate\/\">\n          <h3 class=\"nd_donations_font_size_23 nd_donations_word_break_break_word nd_donations_font_size_20_iphone nd_donations_line_height_23 nd_donations_margin_0_important nd_donations_letter_spacing_1\"><strong>Solidaritate pentru s\u0103n\u0103tate<\/strong><\/h3>\n        <\/a>\n        <div class=\"nd_donations_section nd_donations_height_20\"><\/div>\n        <p class=\"nd_donations_font_size_15 nd_donations_line_height_1_8_em nd_donations_section nd_donations_margin_0_important\">\u201eSolidaritate pentru S\u0103n\u0103tate\u201d este o ini\u021biativ\u0103 civic\u0103 multianual\u0103 a Asocia\u021biei Mi\u0219carea Adev\u0103rat\u0103 Rom\u00e2nie, lansat\u0103 \u00een septembrie 2025, care urm\u0103re\u0219te s\u0103 aduc\u0103 servicii medicale \u0219i educa\u021bie pentru s\u0103n\u0103tate direct \u00een comunit\u0103\u021bile [&hellip;]<\/p>\n        <div class=\"nd_donations_section nd_donations_height_30\"><\/div>\n        \n        <div class=\"nd_donations_section nd_donations_height_25\"><\/div>\n        \n        <div class=\"nd_donations_section nd_donations_height_30\"><\/div>\n        <a style=\"background-color:#000\" class=\"nd_donations_font_size_13 nd_donations_line_height_13 nd_donations_color_white_important nd_donations_padding_10_20 nd_donations_letter_spacing_1\" href=\"https:\/\/asociatia-mar.ro\/en\/causes\/solidaritate-pentru-sanatate\/\"><strong>VIEW DETAILS<\/strong><\/a>\n\n    <\/div>\n\n  <\/div>\n    \n<\/div>\n    <\/div>\t\t\t\t<\/div>\n\t\t\t\t<\/div>\n\t\t\t\t<div class=\"elementor-element elementor-element-f89eb3c elementor-widget elementor-widget-customcss\" data-id=\"f89eb3c\" data-element_type=\"widget\" data-widget_type=\"customcss.default\">\n\t\t\t\t<div class=\"elementor-widget-container\">\n\t\t\t\t\t<style type=\"text\/css\">#button_cause button.give-btn.give-btn-modal {\n    font-size: 13px;\n    line-height: 13px;\n    letter-spacing: 1px;\n    font-weight: bold;\n}\n<\/style>\t\t\t\t<\/div>\n\t\t\t\t<\/div>\n\t\t\t\t\t<\/div>\n\t\t<\/div>\n\t\t\t\t\t<\/div>\n\t\t<\/section>\n\t\t\t\t<section class=\"elementor-section elementor-top-section elementor-element elementor-element-30dd0ead elementor-section-content-middle elementor-section-full_width elementor-section-height-default elementor-section-height-default\" data-id=\"30dd0ead\" data-element_type=\"section\" data-settings=\"{&quot;background_background&quot;:&quot;classic&quot;}\">\n\t\t\t\t\t\t\t<div class=\"elementor-background-overlay\"><\/div>\n\t\t\t\t\t\t\t<div class=\"elementor-container elementor-column-gap-default\">\n\t\t\t\t\t<div class=\"elementor-column elementor-col-50 elementor-top-column elementor-element elementor-element-446b01f5\" data-id=\"446b01f5\" data-element_type=\"column\">\n\t\t\t<div class=\"elementor-widget-wrap elementor-element-populated\">\n\t\t\t\t\t\t<section class=\"elementor-section elementor-inner-section elementor-element elementor-element-61a2f701 elementor-section-content-middle elementor-section-full_width elementor-section-height-default elementor-section-height-default\" data-id=\"61a2f701\" data-element_type=\"section\">\n\t\t\t\t\t\t<div class=\"elementor-container elementor-column-gap-default\">\n\t\t\t\t\t<div class=\"elementor-column elementor-col-50 elementor-inner-column elementor-element elementor-element-1be24278\" data-id=\"1be24278\" data-element_type=\"column\">\n\t\t\t<div class=\"elementor-widget-wrap elementor-element-populated\">\n\t\t\t\t\t\t<div class=\"elementor-element elementor-element-6abfe83a elementor-widget elementor-widget-image\" data-id=\"6abfe83a\" data-element_type=\"widget\" data-widget_type=\"image.default\">\n\t\t\t\t\t\t\t\t\t\t\t\t\t\t\t<img decoding=\"async\" width=\"200\" height=\"200\" src=\"https:\/\/asociatia-mar.ro\/wp-content\/uploads\/2020\/05\/icon-white.png\" class=\"attachment-full size-full wp-image-28\" alt=\"\" srcset=\"https:\/\/asociatia-mar.ro\/wp-content\/uploads\/2020\/05\/icon-white.png 200w, https:\/\/asociatia-mar.ro\/wp-content\/uploads\/2020\/05\/icon-white-150x150.png 150w, https:\/\/asociatia-mar.ro\/wp-content\/uploads\/2020\/05\/icon-white-100x100.png 100w\" sizes=\"(max-width: 200px) 100vw, 200px\" \/>\t\t\t\t\t\t\t\t\t\t\t\t\t\t\t<\/div>\n\t\t\t\t\t<\/div>\n\t\t<\/div>\n\t\t\t\t<div class=\"elementor-column elementor-col-50 elementor-inner-column elementor-element elementor-element-1e4afb4\" data-id=\"1e4afb4\" data-element_type=\"column\">\n\t\t\t<div class=\"elementor-widget-wrap elementor-element-populated\">\n\t\t\t\t\t\t<div class=\"elementor-element elementor-element-25fd9bdb elementor-widget elementor-widget-heading\" data-id=\"25fd9bdb\" data-element_type=\"widget\" data-widget_type=\"heading.default\">\n\t\t\t\t\t<h3 class=\"elementor-heading-title elementor-size-default\">Sus\u021bine proiectele noastre<\/h3>\t\t\t\t<\/div>\n\t\t\t\t<div class=\"elementor-element elementor-element-6df8f5d6 elementor-widget elementor-widget-heading\" data-id=\"6df8f5d6\" data-element_type=\"widget\" data-widget_type=\"heading.default\">\n\t\t\t\t\t<p class=\"elementor-heading-title elementor-size-default\">Proiectele noastre prind via\u021b\u0103 datorit\u0103 implic\u0103rii oamenilor care cred \u00een schimbare real\u0103. Prin sus\u021binerea ta, contribuim direct la dezvoltarea ini\u021biativelor sociale, educa\u021bionale \u0219i comunitare pe care le derul\u0103m, cu impact concret \u00een via\u021ba celor care au nevoie de sprijin.<\/p>\t\t\t\t<\/div>\n\t\t\t\t\t<\/div>\n\t\t<\/div>\n\t\t\t\t\t<\/div>\n\t\t<\/section>\n\t\t\t\t\t<\/div>\n\t\t<\/div>\n\t\t\t\t<div class=\"elementor-column elementor-col-50 elementor-top-column elementor-element elementor-element-2a7600cf\" data-id=\"2a7600cf\" data-element_type=\"column\">\n\t\t\t<div class=\"elementor-widget-wrap elementor-element-populated\">\n\t\t\t\t\t\t<div class=\"elementor-element elementor-element-558aa197 elementor-align-right elementor-tablet-align-center elementor-mobile-align-center elementor-widget elementor-widget-button\" data-id=\"558aa197\" data-element_type=\"widget\" data-widget_type=\"button.default\">\n\t\t\t\t\t\t\t\t\t\t<a class=\"elementor-button elementor-button-link elementor-size-sm\" href=\"https:\/\/asociatia-mar.ro\/donatii\/\">\n\t\t\t\t\t\t<span class=\"elementor-button-content-wrapper\">\n\t\t\t\t\t\t\t\t\t<span class=\"elementor-button-text\">Sus\u021bine-ne<\/span>\n\t\t\t\t\t<\/span>\n\t\t\t\t\t<\/a>\n\t\t\t\t\t\t\t\t<\/div>\n\t\t\t\t\t<\/div>\n\t\t<\/div>\n\t\t\t\t\t<\/div>\n\t\t<\/section>\n\t\t\t\t<\/div>\n\t\t","protected":false},"excerpt":{"rendered":"<p>Fiecare dona\u021bie conteaz\u0103. \u00cempreun\u0103 schimb\u0103m vie\u021bi. Un gest mic pentru tine. O schimbare mare pentru al\u021bii. Credem \u00een solidaritate, responsabilitate \u0219i ac\u021biuni concrete. Dona\u021biile tale sus\u021bin proiecte care ofer\u0103 ajutor [&hellip;]<\/p>\n","protected":false},"author":1,"featured_media":0,"parent":0,"menu_order":0,"comment_status":"closed","ping_status":"closed","template":"","meta":{"_acf_changed":false,"give_campaign_id":0,"footnotes":""},"class_list":["post-1238","page","type-page","status-publish","hentry"],"acf":[],"campaignId":"","_links":{"self":[{"href":"https:\/\/asociatia-mar.ro\/en\/wp-json\/wp\/v2\/pages\/1238","targetHints":{"allow":["GET"]}}],"collection":[{"href":"https:\/\/asociatia-mar.ro\/en\/wp-json\/wp\/v2\/pages"}],"about":[{"href":"https:\/\/asociatia-mar.ro\/en\/wp-json\/wp\/v2\/types\/page"}],"author":[{"embeddable":true,"href":"https:\/\/asociatia-mar.ro\/en\/wp-json\/wp\/v2\/users\/1"}],"replies":[{"embeddable":true,"href":"https:\/\/asociatia-mar.ro\/en\/wp-json\/wp\/v2\/comments?post=1238"}],"version-history":[{"count":20,"href":"https:\/\/asociatia-mar.ro\/en\/wp-json\/wp\/v2\/pages\/1238\/revisions"}],"predecessor-version":[{"id":4126,"href":"https:\/\/asociatia-mar.ro\/en\/wp-json\/wp\/v2\/pages\/1238\/revisions\/4126"}],"wp:attachment":[{"href":"https:\/\/asociatia-mar.ro\/en\/wp-json\/wp\/v2\/media?parent=1238"}],"curies":[{"name":"wp","href":"https:\/\/api.w.org\/{rel}","templated":true}]}}